{"id":103,"date":"2025-01-13T11:13:33","date_gmt":"2025-01-13T10:13:33","guid":{"rendered":"https:\/\/www.terre-art-argile.org\/?page_id=103"},"modified":"2025-10-20T10:22:58","modified_gmt":"2025-10-20T08:22:58","slug":"103-2","status":"publish","type":"page","link":"https:\/\/www.terre-art-argile.org\/index.php\/103-2\/","title":{"rendered":"Les intervenants"},"content":{"rendered":"\n<div class=\"wp-block-group alignfull has-global-padding is-layout-constrained wp-container-core-group-is-layout-aff63992 wp-block-group-is-layout-constrained\" style=\"margin-top:0;margin-bottom:0;padding-top:0;padding-right:var(--wp--preset--spacing--50);padding-bottom:0;padding-left:var(--wp--preset--spacing--50)\">\n<div class=\"wp-block-group is-vertical is-content-justification-center is-layout-flex wp-container-core-group-is-layout-ce155fab wp-block-group-is-layout-flex\">\n<p class=\"has-text-align-center\">Nos intervenants passionn\u00e9s partagent leur savoir-faire en c\u00e9ramique pour vous accompagner dans votre exploration autour de la terre et c\u00e9ramique.<\/p>\n<\/div>\n\n\n\n<div style=\"height:var(--wp--preset--spacing--30)\" aria-hidden=\"true\" class=\"wp-block-spacer\"><\/div>\n\n\n\n<div class=\"wp-block-columns alignwide is-layout-flex wp-container-core-columns-is-layout-4935966c wp-block-columns-is-layout-flex\" style=\"padding-right:0;padding-left:0\">\n<div class=\"wp-block-column is-layout-flow wp-block-column-is-layout-flow\">\n<figure class=\"wp-block-image aligncenter size-full is-resized is-style-rounded wp-duotone-unset-2 is-style-rounded--1\"><img loading=\"lazy\" decoding=\"async\" width=\"570\" height=\"570\" src=\"https:\/\/www.terre-art-argile.org\/wp-content\/uploads\/2025\/10\/p-ilona.jpg\" alt=\"\" class=\"wp-image-1209\" style=\"width:145px\" srcset=\"https:\/\/www.terre-art-argile.org\/wp-content\/uploads\/2025\/10\/p-ilona.jpg 570w, https:\/\/www.terre-art-argile.org\/wp-content\/uploads\/2025\/10\/p-ilona-300x300.jpg 300w, https:\/\/www.terre-art-argile.org\/wp-content\/uploads\/2025\/10\/p-ilona-150x150.jpg 150w\" sizes=\"auto, (max-width: 570px) 100vw, 570px\" \/><\/figure>\n\n\n\n<p class=\"has-text-align-center has-small-font-size\"><strong>Ilona Jonusauskiene<\/strong><br><em>(C\u00e9ramiste)<\/em><br>Sculpture modelage, gr\u00e8s et raku<\/p>\n\n\n\n<figure class=\"wp-block-image aligncenter is-resized is-style-rounded wp-duotone-unset-4 is-style-rounded--3\"><img loading=\"lazy\" decoding=\"async\" width=\"600\" height=\"600\" src=\"https:\/\/www.terre-art-argile.org\/wp-content\/uploads\/2025\/02\/Julie-parade.jpg\" alt=\"\" class=\"wp-image-666\" style=\"width:145px\" srcset=\"https:\/\/www.terre-art-argile.org\/wp-content\/uploads\/2025\/02\/Julie-parade.jpg 600w, https:\/\/www.terre-art-argile.org\/wp-content\/uploads\/2025\/02\/Julie-parade-300x300.jpg 300w, https:\/\/www.terre-art-argile.org\/wp-content\/uploads\/2025\/02\/Julie-parade-150x150.jpg 150w\" sizes=\"auto, (max-width: 600px) 100vw, 600px\" \/><\/figure>\n\n\n\n<div class=\"wp-block-group is-vertical is-content-justification-center is-nowrap is-layout-flex wp-container-core-group-is-layout-63bfd6c1 wp-block-group-is-layout-flex\">\n<p class=\"has-text-align-center has-small-font-size\"><strong>Julie Parade<\/strong><br><em>(C\u00e9ramiste)<\/em><\/p>\n\n\n\n<p class=\"has-text-align-center has-small-font-size\">Sculpture modelage, gr\u00e8s et porcelaine, \u00e9maillage<\/p>\n<\/div>\n<\/div>\n\n\n\n<div class=\"wp-block-column is-layout-flow wp-block-column-is-layout-flow\">\n<figure class=\"wp-block-image aligncenter size-full is-style-rounded wp-duotone-unset-6 is-style-rounded--5\"><img loading=\"lazy\" decoding=\"async\" width=\"145\" height=\"145\" src=\"https:\/\/www.terre-art-argile.org\/wp-content\/uploads\/2025\/01\/Gerard-guibert-3.jpg\" alt=\"\" class=\"wp-image-309\" style=\"aspect-ratio:1;object-fit:cover\"\/><\/figure>\n\n\n\n<p class=\"has-text-align-center has-small-font-size\"><strong>G\u00e9rard Guibert<\/strong><br><em>(Sculpteur peintre)<\/em><br>Sculpture modelage gr\u00e8s<\/p>\n\n\n\n<figure class=\"wp-block-image aligncenter size-full is-style-rounded wp-duotone-unset-8 is-style-rounded--7\"><img loading=\"lazy\" decoding=\"async\" width=\"140\" height=\"140\" src=\"https:\/\/www.terre-art-argile.org\/wp-content\/uploads\/2025\/01\/ALain-Denis-2.jpg\" alt=\"\" class=\"wp-image-306\" style=\"aspect-ratio:1;object-fit:cover\"\/><\/figure>\n\n\n\n<p class=\"has-text-align-center has-small-font-size\"><strong>Alain Denis<\/strong><br><em>(sculpteur)<\/em><br>Sculpture modelage, sculpture modelage enfants<\/p>\n<\/div>\n\n\n\n<div class=\"wp-block-column is-layout-flow wp-block-column-is-layout-flow\">\n<figure class=\"wp-block-image aligncenter size-full is-resized is-style-rounded wp-duotone-unset-10 is-style-rounded--9\"><img loading=\"lazy\" decoding=\"async\" width=\"505\" height=\"505\" src=\"https:\/\/www.terre-art-argile.org\/wp-content\/uploads\/2025\/10\/p-cecile-ruget.jpg\" alt=\"\" class=\"wp-image-1204\" style=\"aspect-ratio:1;object-fit:cover;width:145px\" srcset=\"https:\/\/www.terre-art-argile.org\/wp-content\/uploads\/2025\/10\/p-cecile-ruget.jpg 505w, https:\/\/www.terre-art-argile.org\/wp-content\/uploads\/2025\/10\/p-cecile-ruget-300x300.jpg 300w, https:\/\/www.terre-art-argile.org\/wp-content\/uploads\/2025\/10\/p-cecile-ruget-150x150.jpg 150w\" sizes=\"auto, (max-width: 505px) 100vw, 505px\" \/><\/figure>\n\n\n\n<p class=\"has-text-align-center has-small-font-size\"><strong>C\u00e9cile Ruget<\/strong><br><em>(C\u00e9ramiste)<\/em><br>Tournage, gr\u00e8s et porcelaine<\/p>\n\n\n\n<figure class=\"wp-block-image aligncenter size-full is-resized is-style-rounded wp-duotone-unset-12 is-style-rounded--11\"><img loading=\"lazy\" decoding=\"async\" width=\"417\" height=\"417\" src=\"https:\/\/www.terre-art-argile.org\/wp-content\/uploads\/2025\/10\/p-elodie.jpg\" alt=\"\" class=\"wp-image-1205\" style=\"aspect-ratio:1;object-fit:cover;width:145px\" srcset=\"https:\/\/www.terre-art-argile.org\/wp-content\/uploads\/2025\/10\/p-elodie.jpg 417w, https:\/\/www.terre-art-argile.org\/wp-content\/uploads\/2025\/10\/p-elodie-300x300.jpg 300w, https:\/\/www.terre-art-argile.org\/wp-content\/uploads\/2025\/10\/p-elodie-150x150.jpg 150w\" sizes=\"auto, (max-width: 417px) 100vw, 417px\" \/><\/figure>\n\n\n\n<div class=\"wp-block-group is-vertical is-content-justification-center is-nowrap is-layout-flex wp-container-core-group-is-layout-63bfd6c1 wp-block-group-is-layout-flex\">\n<p class=\"has-text-align-center has-small-font-size\"><strong>\u00c9lodie Marechal<\/strong><br><em>(C\u00e9ramiste)<\/em><\/p>\n\n\n\n<p class=\"has-text-align-center has-small-font-size\">Intervenante \u00e9maillage<\/p>\n<\/div>\n<\/div>\n<\/div>\n\n\n\n<p><\/p>\n<\/div>\n","protected":false},"excerpt":{"rendered":"<p>Nos intervenants passionn\u00e9s partagent leur savoir-faire en c\u00e9ramique pour vous accompagner dans votre exploration autour de la terre et c\u00e9ramique. Ilona Jonusauskiene(C\u00e9ramiste)Sculpture modelage, gr\u00e8s et raku Julie Parade(C\u00e9ramiste) Sculpture modelage, gr\u00e8s et porcelaine, \u00e9maillage G\u00e9rard Guibert(Sculpteur peintre)Sculpture modelage gr\u00e8s Alain Denis(sculpteur)Sculpture modelage, sculpture modelage enfants C\u00e9cile Ruget(C\u00e9ramiste)Tournage, gr\u00e8s et porcelaine \u00c9lodie Marechal(C\u00e9ramiste) Intervenante \u00e9maillage<\/p>\n","protected":false},"author":1,"featured_media":0,"parent":0,"menu_order":0,"comment_status":"closed","ping_status":"closed","template":"","meta":{"footnotes":""},"class_list":["post-103","page","type-page","status-publish","hentry"],"_links":{"self":[{"href":"https:\/\/www.terre-art-argile.org\/index.php\/wp-json\/wp\/v2\/pages\/103","targetHints":{"allow":["GET"]}}],"collection":[{"href":"https:\/\/www.terre-art-argile.org\/index.php\/wp-json\/wp\/v2\/pages"}],"about":[{"href":"https:\/\/www.terre-art-argile.org\/index.php\/wp-json\/wp\/v2\/types\/page"}],"author":[{"embeddable":true,"href":"https:\/\/www.terre-art-argile.org\/index.php\/wp-json\/wp\/v2\/users\/1"}],"replies":[{"embeddable":true,"href":"https:\/\/www.terre-art-argile.org\/index.php\/wp-json\/wp\/v2\/comments?post=103"}],"version-history":[{"count":32,"href":"https:\/\/www.terre-art-argile.org\/index.php\/wp-json\/wp\/v2\/pages\/103\/revisions"}],"predecessor-version":[{"id":1221,"href":"https:\/\/www.terre-art-argile.org\/index.php\/wp-json\/wp\/v2\/pages\/103\/revisions\/1221"}],"wp:attachment":[{"href":"https:\/\/www.terre-art-argile.org\/index.php\/wp-json\/wp\/v2\/media?parent=103"}],"curies":[{"name":"wp","href":"https:\/\/api.w.org\/{rel}","templated":true}]}}