{"id":147,"date":"2025-01-13T15:24:38","date_gmt":"2025-01-13T14:24:38","guid":{"rendered":"https:\/\/www.terre-art-argile.org\/?page_id=147"},"modified":"2025-08-27T17:52:13","modified_gmt":"2025-08-27T15:52:13","slug":"tournage","status":"publish","type":"page","link":"https:\/\/www.terre-art-argile.org\/index.php\/les-cours-a-lannee\/tournage\/","title":{"rendered":"Tournage"},"content":{"rendered":"\n<div class=\"wp-block-group alignfull has-global-padding is-layout-constrained wp-container-core-group-is-layout-cb151cc7 wp-block-group-is-layout-constrained\" style=\"margin-top:0;margin-bottom:0;padding-top:0;padding-right:var(--wp--preset--spacing--50);padding-bottom:0;padding-left:var(--wp--preset--spacing--50)\">\n<div class=\"wp-block-group alignwide has-global-padding is-layout-constrained wp-container-core-group-is-layout-19e250f3 wp-block-group-is-layout-constrained\">\n<div class=\"wp-block-group is-vertical is-content-justification-center is-layout-flex wp-container-core-group-is-layout-6329a8f3 wp-block-group-is-layout-flex\">\n<h2 class=\"wp-block-heading has-text-align-center is-style-asterisk has-large-font-size\">Apprenez et ma\u00eetrisez l&rsquo;art du tour <br>et \u00e9maillez vos pi\u00e8ces<\/h2>\n\n\n\n<p class=\"has-text-align-center\" style=\"margin-right:var(--wp--preset--spacing--50);margin-left:var(--wp--preset--spacing--50);padding-top:0;padding-right:0;padding-bottom:0;padding-left:0\">Le tournage est une technique de production \u00e9prouv\u00e9e depuis plusieurs mill\u00e9naires.<\/p>\n<\/div>\n\n\n\n<div style=\"height:var(--wp--preset--spacing--40)\" aria-hidden=\"true\" class=\"wp-block-spacer\"><\/div>\n\n\n\n<div class=\"wp-block-columns alignwide is-layout-flex wp-container-core-columns-is-layout-549b0c86 wp-block-columns-is-layout-flex\">\n<div class=\"wp-block-column is-vertically-aligned-center is-layout-flow wp-block-column-is-layout-flow\" style=\"flex-basis:50%\">\n<p>Ses caract\u00e8res propres, sa facilit\u00e9 d\u2019utilisation, la qualit\u00e9 et la quantit\u00e9 de production, la magie qu\u2019il engendre, ont permis son expansion et la cr\u00e9ation en tr\u00e8s grand nombre de r\u00e9cipients pour la conservation, la pr\u00e9paration, le transport des aliments.<\/p>\n\n\n\n<p>Le tournage est aussi l\u2019expression d\u2019un corps en mouvement aux prises avec une mati\u00e8re subtile et difficile pour la transformer en une \u0153uvre du c\u0153ur. Comment expliquer cette technique qui consiste \u00e0 faire tourner une balle de terre inerte sur un plateau rond pour la transformer en un objet solide, utile, d\u00e9coratif&nbsp;?<\/p>\n<\/div>\n\n\n\n<div class=\"wp-block-column is-vertically-aligned-center is-layout-flow wp-block-column-is-layout-flow\" style=\"flex-basis:40%\">\n<figure class=\"wp-block-image size-large is-style-rounded wp-duotone-unset-2 is-style-rounded--1\"><img loading=\"lazy\" decoding=\"async\" width=\"1024\" height=\"768\" src=\"https:\/\/www.terre-art-argile.org\/wp-content\/uploads\/2025\/01\/IMG-20250114-WA0049-1024x768.jpg\" alt=\"\" class=\"wp-image-330\" srcset=\"https:\/\/www.terre-art-argile.org\/wp-content\/uploads\/2025\/01\/IMG-20250114-WA0049-1024x768.jpg 1024w, https:\/\/www.terre-art-argile.org\/wp-content\/uploads\/2025\/01\/IMG-20250114-WA0049-300x225.jpg 300w, https:\/\/www.terre-art-argile.org\/wp-content\/uploads\/2025\/01\/IMG-20250114-WA0049-768x576.jpg 768w, https:\/\/www.terre-art-argile.org\/wp-content\/uploads\/2025\/01\/IMG-20250114-WA0049-1536x1152.jpg 1536w, https:\/\/www.terre-art-argile.org\/wp-content\/uploads\/2025\/01\/IMG-20250114-WA0049.jpg 1600w\" sizes=\"auto, (max-width: 1024px) 100vw, 1024px\" \/><\/figure>\n<\/div>\n<\/div>\n\n\n\n<div style=\"height:var(--wp--preset--spacing--40)\" aria-hidden=\"true\" class=\"wp-block-spacer\"><\/div>\n\n\n\n<div class=\"wp-block-columns alignwide is-layout-flex wp-container-core-columns-is-layout-d1c656ed wp-block-columns-is-layout-flex\">\n<div class=\"wp-block-column is-vertically-aligned-center is-layout-flow wp-block-column-is-layout-flow\" style=\"flex-basis:50%\">\n<figure class=\"wp-block-image size-large is-style-rounded wp-duotone-unset-4 is-style-rounded--3\"><img loading=\"lazy\" decoding=\"async\" width=\"1024\" height=\"768\" src=\"https:\/\/www.terre-art-argile.org\/wp-content\/uploads\/2025\/01\/IMG-20250114-WA0053-1024x768.jpg\" alt=\"\" class=\"wp-image-331\" srcset=\"https:\/\/www.terre-art-argile.org\/wp-content\/uploads\/2025\/01\/IMG-20250114-WA0053-1024x768.jpg 1024w, https:\/\/www.terre-art-argile.org\/wp-content\/uploads\/2025\/01\/IMG-20250114-WA0053-300x225.jpg 300w, https:\/\/www.terre-art-argile.org\/wp-content\/uploads\/2025\/01\/IMG-20250114-WA0053-768x576.jpg 768w, https:\/\/www.terre-art-argile.org\/wp-content\/uploads\/2025\/01\/IMG-20250114-WA0053-1536x1152.jpg 1536w, https:\/\/www.terre-art-argile.org\/wp-content\/uploads\/2025\/01\/IMG-20250114-WA0053.jpg 1600w\" sizes=\"auto, (max-width: 1024px) 100vw, 1024px\" \/><\/figure>\n<\/div>\n\n\n\n<div class=\"wp-block-column is-vertically-aligned-center is-layout-flow wp-block-column-is-layout-flow\" style=\"flex-basis:40%\">\n<h3 class=\"wp-block-heading is-style-asterisk\">Planning 2025-2026<\/h3>\n\n\n\n<p><strong><strong>Tournage &#8211; \u00c9maillage Adultes<\/strong><\/strong><br><em>Anim\u00e9 par C\u00e9cile RUGET<\/em><\/p>\n\n\n\n<p>Deux samedis par mois de 10h &#8211; 13h et de 14h &#8211; 17h <br>(Hors vacances scolaires et jours f\u00e9ries) <\/p>\n\n\n\n<p>Octobre : le 4 et le 18*<br>Novembre : le 8 et le 22*<br>D\u00e9cembre : le 6 et le 20*<br>Janvier : le 10 et le 24*<br>F\u00e9vrier : le 7 et le 28*<br>Mars : le 14 et le 28*<br>Avril : le 25<br>Mai : le 23*<br>Juin : le 6*<\/p>\n\n\n\n<p>* <em>\u00c9maillage les jours marqu\u00e9s d&rsquo;une ast\u00e9risque<\/em><\/p>\n<\/div>\n<\/div>\n<\/div>\n<\/div>\n","protected":false},"excerpt":{"rendered":"<p>Apprenez et ma\u00eetrisez l&rsquo;art du tour et \u00e9maillez vos pi\u00e8ces Le tournage est une technique de production \u00e9prouv\u00e9e depuis plusieurs mill\u00e9naires. Ses caract\u00e8res propres, sa facilit\u00e9 d\u2019utilisation, la qualit\u00e9 et la quantit\u00e9 de production, la magie qu\u2019il engendre, ont permis son expansion et la cr\u00e9ation en tr\u00e8s grand nombre de r\u00e9cipients pour la conservation, la [&hellip;]<\/p>\n","protected":false},"author":1,"featured_media":0,"parent":140,"menu_order":0,"comment_status":"closed","ping_status":"closed","template":"","meta":{"footnotes":""},"class_list":["post-147","page","type-page","status-publish","hentry"],"_links":{"self":[{"href":"https:\/\/www.terre-art-argile.org\/index.php\/wp-json\/wp\/v2\/pages\/147","targetHints":{"allow":["GET"]}}],"collection":[{"href":"https:\/\/www.terre-art-argile.org\/index.php\/wp-json\/wp\/v2\/pages"}],"about":[{"href":"https:\/\/www.terre-art-argile.org\/index.php\/wp-json\/wp\/v2\/types\/page"}],"author":[{"embeddable":true,"href":"https:\/\/www.terre-art-argile.org\/index.php\/wp-json\/wp\/v2\/users\/1"}],"replies":[{"embeddable":true,"href":"https:\/\/www.terre-art-argile.org\/index.php\/wp-json\/wp\/v2\/comments?post=147"}],"version-history":[{"count":16,"href":"https:\/\/www.terre-art-argile.org\/index.php\/wp-json\/wp\/v2\/pages\/147\/revisions"}],"predecessor-version":[{"id":1088,"href":"https:\/\/www.terre-art-argile.org\/index.php\/wp-json\/wp\/v2\/pages\/147\/revisions\/1088"}],"up":[{"embeddable":true,"href":"https:\/\/www.terre-art-argile.org\/index.php\/wp-json\/wp\/v2\/pages\/140"}],"wp:attachment":[{"href":"https:\/\/www.terre-art-argile.org\/index.php\/wp-json\/wp\/v2\/media?parent=147"}],"curies":[{"name":"wp","href":"https:\/\/api.w.org\/{rel}","templated":true}]}}