{"id":169,"date":"2025-01-13T16:03:14","date_gmt":"2025-01-13T15:03:14","guid":{"rendered":"https:\/\/www.terre-art-argile.org\/?page_id=169"},"modified":"2025-09-30T08:52:57","modified_gmt":"2025-09-30T06:52:57","slug":"la-porcelaine","status":"publish","type":"page","link":"https:\/\/www.terre-art-argile.org\/index.php\/les-cours-a-lannee\/la-porcelaine\/","title":{"rendered":"Atelier de porcelaine"},"content":{"rendered":"\n<div class=\"wp-block-group alignfull has-global-padding is-layout-constrained wp-container-core-group-is-layout-cb151cc7 wp-block-group-is-layout-constrained\" style=\"margin-top:0;margin-bottom:0;padding-top:0;padding-right:var(--wp--preset--spacing--50);padding-bottom:0;padding-left:var(--wp--preset--spacing--50)\">\n<div class=\"wp-block-group alignwide has-global-padding is-layout-constrained wp-container-core-group-is-layout-19e250f3 wp-block-group-is-layout-constrained\">\n<div class=\"wp-block-group is-vertical is-content-justification-center is-layout-flex wp-container-core-group-is-layout-6329a8f3 wp-block-group-is-layout-flex\">\n<h2 class=\"wp-block-heading has-text-align-center is-style-asterisk\">L&rsquo;\u00e9l\u00e9gance de la porcelaine<\/h2>\n\n\n\n<p class=\"has-text-align-center\">D\u00e9couvrez la finesse et la d\u00e9licatesse d&rsquo;un mat\u00e9riau d&rsquo;exception. Travailler la porcelaine, c\u2019est apprivoiser une argile unique, lumineuse et raffin\u00e9e, qui se transforme sous vos mains en cr\u00e9ations d\u2019une rare \u00e9l\u00e9gance. Que vous soyez d\u00e9butant ou initi\u00e9, laissez-vous guider \u00e0 travers les techniques sp\u00e9cifiques qui rendent ce mat\u00e9riau si singulier.<\/p>\n<\/div>\n\n\n\n<div style=\"height:var(--wp--preset--spacing--40)\" aria-hidden=\"true\" class=\"wp-block-spacer\"><\/div>\n\n\n\n<div class=\"wp-block-columns alignwide is-layout-flex wp-container-core-columns-is-layout-d1c656ed wp-block-columns-is-layout-flex\">\n<div class=\"wp-block-column is-vertically-aligned-center is-layout-flow wp-block-column-is-layout-flow\" style=\"flex-basis:40%\">\n<h3 class=\"wp-block-heading is-style-asterisk\">Planning 2025-2026<\/h3>\n\n\n\n<p><strong>Porcelaine &#8211; \u00c9maillage Adultes<\/strong><br>Mercredi de 18h 21h<br><em>Anim\u00e9 par Julie Parade<\/em><\/p>\n<\/div>\n\n\n\n<div class=\"wp-block-column is-vertically-aligned-bottom is-layout-flow wp-block-column-is-layout-flow\" style=\"flex-basis:50%\">\n<figure class=\"wp-block-image size-full is-style-rounded wp-duotone-unset-2 is-style-rounded--1\"><img loading=\"lazy\" decoding=\"async\" width=\"800\" height=\"391\" src=\"https:\/\/www.terre-art-argile.org\/wp-content\/uploads\/2025\/01\/Porcelaine-1.jpg\" alt=\"\" class=\"wp-image-225\" srcset=\"https:\/\/www.terre-art-argile.org\/wp-content\/uploads\/2025\/01\/Porcelaine-1.jpg 800w, https:\/\/www.terre-art-argile.org\/wp-content\/uploads\/2025\/01\/Porcelaine-1-300x147.jpg 300w, https:\/\/www.terre-art-argile.org\/wp-content\/uploads\/2025\/01\/Porcelaine-1-768x375.jpg 768w\" sizes=\"auto, (max-width: 800px) 100vw, 800px\" \/><\/figure>\n<\/div>\n<\/div>\n\n\n\n<div style=\"height:var(--wp--preset--spacing--40)\" aria-hidden=\"true\" class=\"wp-block-spacer\"><\/div>\n\n\n\n<div class=\"wp-block-columns alignwide is-layout-flex wp-container-core-columns-is-layout-d1c656ed wp-block-columns-is-layout-flex\">\n<div class=\"wp-block-column is-vertically-aligned-bottom is-layout-flow wp-block-column-is-layout-flow\" style=\"flex-basis:50%\">\n<figure class=\"wp-block-image size-large is-style-rounded wp-duotone-unset-4 is-style-rounded--3\"><img loading=\"lazy\" decoding=\"async\" width=\"1024\" height=\"768\" src=\"https:\/\/www.terre-art-argile.org\/wp-content\/uploads\/2025\/09\/porcelaine-papier2-1024x768.jpg\" alt=\"\" class=\"wp-image-1177\" srcset=\"https:\/\/www.terre-art-argile.org\/wp-content\/uploads\/2025\/09\/porcelaine-papier2-1024x768.jpg 1024w, https:\/\/www.terre-art-argile.org\/wp-content\/uploads\/2025\/09\/porcelaine-papier2-300x225.jpg 300w, https:\/\/www.terre-art-argile.org\/wp-content\/uploads\/2025\/09\/porcelaine-papier2-768x576.jpg 768w, https:\/\/www.terre-art-argile.org\/wp-content\/uploads\/2025\/09\/porcelaine-papier2-1536x1152.jpg 1536w, https:\/\/www.terre-art-argile.org\/wp-content\/uploads\/2025\/09\/porcelaine-papier2.jpg 1600w\" sizes=\"auto, (max-width: 1024px) 100vw, 1024px\" \/><\/figure>\n<\/div>\n\n\n\n<div class=\"wp-block-column is-vertically-aligned-center is-layout-flow wp-block-column-is-layout-flow\" style=\"flex-basis:40%\">\n<h3 class=\"wp-block-heading is-style-asterisk\">La porcelaine papier ou \u00ab\u00a0Paperclay\u00a0\u00bb<\/h3>\n\n\n\n<p>Savant m\u00e9lange entre torchis et techniques contemporaines le \u00ab&nbsp;Paperclay&nbsp;\u00bb offre aux c\u00e9ramistes un large champ d\u2019applications.<br>Repoussant les limites de l\u2019argile traditionnelle, il bouleverse les r\u00e8gles habituelles du travail de la terre et va donner le vertige \u00e0 tout les amateurs de sculpture.<br>Le m\u00e9lange argile plus fibres peut \u00eatre moul\u00e9, model\u00e9, tir\u00e9 en plaque, travaill\u00e9 au colombin\u2026 de fa\u00e7on tr\u00e8s ais\u00e9e.<br>Il ne colle pas au support, les morceaux peuvent \u00eatres coll\u00e9s entre eux \u00e0 n\u2019importe quel stade de s\u00e9chage.<br>Le retrait reste minime.<br>Travail fin ou \u00e9pais, il peut \u00eatre pos\u00e9 sur des armatures en fer ou sur des tessons.<br>Tous ces avantages vont donc nous apporter une grande libert\u00e9 d\u2019expression, supprimant de nombreux probl\u00e8mes associ\u00e9s aux m\u00e9thodes conventionnelles.<\/p>\n<\/div>\n<\/div>\n<\/div>\n<\/div>\n","protected":false},"excerpt":{"rendered":"<p>L&rsquo;\u00e9l\u00e9gance de la porcelaine D\u00e9couvrez la finesse et la d\u00e9licatesse d&rsquo;un mat\u00e9riau d&rsquo;exception. Travailler la porcelaine, c\u2019est apprivoiser une argile unique, lumineuse et raffin\u00e9e, qui se transforme sous vos mains en cr\u00e9ations d\u2019une rare \u00e9l\u00e9gance. Que vous soyez d\u00e9butant ou initi\u00e9, laissez-vous guider \u00e0 travers les techniques sp\u00e9cifiques qui rendent ce mat\u00e9riau si singulier. Planning [&hellip;]<\/p>\n","protected":false},"author":1,"featured_media":0,"parent":140,"menu_order":0,"comment_status":"closed","ping_status":"closed","template":"","meta":{"footnotes":""},"class_list":["post-169","page","type-page","status-publish","hentry"],"_links":{"self":[{"href":"https:\/\/www.terre-art-argile.org\/index.php\/wp-json\/wp\/v2\/pages\/169","targetHints":{"allow":["GET"]}}],"collection":[{"href":"https:\/\/www.terre-art-argile.org\/index.php\/wp-json\/wp\/v2\/pages"}],"about":[{"href":"https:\/\/www.terre-art-argile.org\/index.php\/wp-json\/wp\/v2\/types\/page"}],"author":[{"embeddable":true,"href":"https:\/\/www.terre-art-argile.org\/index.php\/wp-json\/wp\/v2\/users\/1"}],"replies":[{"embeddable":true,"href":"https:\/\/www.terre-art-argile.org\/index.php\/wp-json\/wp\/v2\/comments?post=169"}],"version-history":[{"count":11,"href":"https:\/\/www.terre-art-argile.org\/index.php\/wp-json\/wp\/v2\/pages\/169\/revisions"}],"predecessor-version":[{"id":1178,"href":"https:\/\/www.terre-art-argile.org\/index.php\/wp-json\/wp\/v2\/pages\/169\/revisions\/1178"}],"up":[{"embeddable":true,"href":"https:\/\/www.terre-art-argile.org\/index.php\/wp-json\/wp\/v2\/pages\/140"}],"wp:attachment":[{"href":"https:\/\/www.terre-art-argile.org\/index.php\/wp-json\/wp\/v2\/media?parent=169"}],"curies":[{"name":"wp","href":"https:\/\/api.w.org\/{rel}","templated":true}]}}