{"id":178,"date":"2025-01-13T16:05:30","date_gmt":"2025-01-13T15:05:30","guid":{"rendered":"https:\/\/www.terre-art-argile.org\/?page_id=178"},"modified":"2025-08-04T12:16:49","modified_gmt":"2025-08-04T10:16:49","slug":"modelage","status":"publish","type":"page","link":"https:\/\/www.terre-art-argile.org\/index.php\/les-cours-a-lannee\/modelage\/","title":{"rendered":"Modelage"},"content":{"rendered":"\n<div class=\"wp-block-group alignfull has-global-padding is-layout-constrained wp-container-core-group-is-layout-cb151cc7 wp-block-group-is-layout-constrained\" style=\"margin-top:0;margin-bottom:0;padding-top:0;padding-right:var(--wp--preset--spacing--50);padding-bottom:0;padding-left:var(--wp--preset--spacing--50)\">\n<div class=\"wp-block-group alignwide has-global-padding is-layout-constrained wp-container-core-group-is-layout-19e250f3 wp-block-group-is-layout-constrained\">\n<div class=\"wp-block-group is-vertical is-content-justification-center is-layout-flex wp-container-core-group-is-layout-6329a8f3 wp-block-group-is-layout-flex\">\n<h2 class=\"wp-block-heading has-text-align-center is-style-asterisk\">Laissez libre cours \u00e0 votre imagination<\/h2>\n\n\n\n<p class=\"has-text-align-center\">Apprenez les techniques de modelage pour donner forme \u00e0 vos id\u00e9es, du plus simple au plus audacieux.<\/p>\n<\/div>\n\n\n\n<div style=\"height:var(--wp--preset--spacing--40)\" aria-hidden=\"true\" class=\"wp-block-spacer\"><\/div>\n\n\n\n<div class=\"wp-block-columns alignwide is-layout-flex wp-container-core-columns-is-layout-d1c656ed wp-block-columns-is-layout-flex\">\n<div class=\"wp-block-column is-vertically-aligned-center is-layout-flow wp-block-column-is-layout-flow\" style=\"flex-basis:40%\">\n<h3 class=\"wp-block-heading is-style-asterisk\">Explorez l\u2019art de sculpter la mati\u00e8re<br>et voyez vos cr\u00e9ations prendre vie<\/h3>\n\n\n\n<p class=\"is-style-checkmark-list\">Fa\u00e7onnez l\u2019argile avec vos mains et d\u00e9couvrez le plaisir de cr\u00e9er des pi\u00e8ces uniques. Perfectionnez vos formes, apportez des d\u00e9tails et transformez l\u2019argile brute en v\u00e9ritables \u0153uvres d\u2019art.<\/p>\n<\/div>\n\n\n\n<div class=\"wp-block-column is-layout-flow wp-block-column-is-layout-flow\" style=\"flex-basis:50%\">\n<figure class=\"wp-block-image size-large is-style-rounded wp-duotone-unset-2 is-style-rounded--1\"><img loading=\"lazy\" decoding=\"async\" width=\"1024\" height=\"768\" src=\"https:\/\/www.terre-art-argile.org\/wp-content\/uploads\/2025\/01\/IMG-20250114-WA0026-1024x768.jpg\" alt=\"\" class=\"wp-image-317\" srcset=\"https:\/\/www.terre-art-argile.org\/wp-content\/uploads\/2025\/01\/IMG-20250114-WA0026-1024x768.jpg 1024w, https:\/\/www.terre-art-argile.org\/wp-content\/uploads\/2025\/01\/IMG-20250114-WA0026-300x225.jpg 300w, https:\/\/www.terre-art-argile.org\/wp-content\/uploads\/2025\/01\/IMG-20250114-WA0026-768x576.jpg 768w, https:\/\/www.terre-art-argile.org\/wp-content\/uploads\/2025\/01\/IMG-20250114-WA0026-1536x1152.jpg 1536w, https:\/\/www.terre-art-argile.org\/wp-content\/uploads\/2025\/01\/IMG-20250114-WA0026.jpg 1600w\" sizes=\"auto, (max-width: 1024px) 100vw, 1024px\" \/><\/figure>\n<\/div>\n<\/div>\n\n\n\n<div style=\"height:var(--wp--preset--spacing--40)\" aria-hidden=\"true\" class=\"wp-block-spacer\"><\/div>\n<\/div>\n<\/div>\n\n\n\n<p><\/p>\n","protected":false},"excerpt":{"rendered":"<p>Laissez libre cours \u00e0 votre imagination Apprenez les techniques de modelage pour donner forme \u00e0 vos id\u00e9es, du plus simple au plus audacieux. Explorez l\u2019art de sculpter la mati\u00e8reet voyez vos cr\u00e9ations prendre vie Fa\u00e7onnez l\u2019argile avec vos mains et d\u00e9couvrez le plaisir de cr\u00e9er des pi\u00e8ces uniques. Perfectionnez vos formes, apportez des d\u00e9tails et [&hellip;]<\/p>\n","protected":false},"author":1,"featured_media":0,"parent":140,"menu_order":0,"comment_status":"closed","ping_status":"closed","template":"","meta":{"footnotes":""},"class_list":["post-178","page","type-page","status-publish","hentry"],"_links":{"self":[{"href":"https:\/\/www.terre-art-argile.org\/index.php\/wp-json\/wp\/v2\/pages\/178","targetHints":{"allow":["GET"]}}],"collection":[{"href":"https:\/\/www.terre-art-argile.org\/index.php\/wp-json\/wp\/v2\/pages"}],"about":[{"href":"https:\/\/www.terre-art-argile.org\/index.php\/wp-json\/wp\/v2\/types\/page"}],"author":[{"embeddable":true,"href":"https:\/\/www.terre-art-argile.org\/index.php\/wp-json\/wp\/v2\/users\/1"}],"replies":[{"embeddable":true,"href":"https:\/\/www.terre-art-argile.org\/index.php\/wp-json\/wp\/v2\/comments?post=178"}],"version-history":[{"count":13,"href":"https:\/\/www.terre-art-argile.org\/index.php\/wp-json\/wp\/v2\/pages\/178\/revisions"}],"predecessor-version":[{"id":1046,"href":"https:\/\/www.terre-art-argile.org\/index.php\/wp-json\/wp\/v2\/pages\/178\/revisions\/1046"}],"up":[{"embeddable":true,"href":"https:\/\/www.terre-art-argile.org\/index.php\/wp-json\/wp\/v2\/pages\/140"}],"wp:attachment":[{"href":"https:\/\/www.terre-art-argile.org\/index.php\/wp-json\/wp\/v2\/media?parent=178"}],"curies":[{"name":"wp","href":"https:\/\/api.w.org\/{rel}","templated":true}]}}