{"id":201,"date":"2025-01-28T17:41:51","date_gmt":"2025-01-28T16:41:51","guid":{"rendered":"https:\/\/www.terre-art-argile.org\/?page_id=201"},"modified":"2025-01-28T17:42:55","modified_gmt":"2025-01-28T16:42:55","slug":"reglement-interieur","status":"publish","type":"page","link":"https:\/\/www.terre-art-argile.org\/index.php\/reglement-interieur\/","title":{"rendered":"R\u00e9glement interieur"},"content":{"rendered":"\n<div class=\"wp-block-group alignfull has-global-padding is-layout-constrained wp-container-core-group-is-layout-301020a0 wp-block-group-is-layout-constrained\" style=\"padding-top:var(--wp--preset--spacing--50);padding-right:var(--wp--preset--spacing--50);padding-bottom:var(--wp--preset--spacing--50);padding-left:var(--wp--preset--spacing--50)\">\n<div class=\"wp-block-columns alignwide is-layout-flex wp-container-core-columns-is-layout-08c01c1c wp-block-columns-is-layout-flex\">\n<div class=\"wp-block-column is-layout-flow wp-block-column-is-layout-flow\" style=\"flex-basis:33%\">\n<p class=\"has-heading-font-family has-medium-font-size\" style=\"line-height:1.2\">Il sera remis \u00e0 l&rsquo;ensemble des membres ainsi qu&rsquo;\u00e0 chaque nouvel adh\u00e9rent.<br>Il est \u00e9galement consultable sur le site Internet de l\u2019association.<br>Cette association de loi 1901, Cr\u00e9\u00e9 le 12\/05\/2010 par Alain DENIS, Max Michelena, Cathy Morin, Bernard Bouvet et Daniel Vignolles, pr\u00f4ne des valeurs familiales, amicales entre les membres de l\u2019association et protectionniste du lieu patrimonial qu\u2019elle occupe, la Porterie de Gradignan. Ses missions sont la promotion de la sculpture au travers des arts de la terre et du feu par des ateliers annuels de c\u00e9ramique, des stages, \u00e9v\u00e9nements ouverts au grand public et des expositions de c\u00e9ramistes internationaux.<\/p>\n\n\n\n<p class=\"has-heading-font-family has-large-font-size\" style=\"line-height:1.2\"><\/p>\n<\/div>\n\n\n\n<div class=\"wp-block-column is-layout-flow wp-container-core-column-is-layout-119bc444 wp-block-column-is-layout-flow\">\n<div class=\"wp-block-group is-nowrap is-layout-flex wp-container-core-group-is-layout-877c468d wp-block-group-is-layout-flex\">\n<div class=\"wp-block-group is-vertical is-content-justification-left is-nowrap is-layout-flex wp-container-core-group-is-layout-970da055 wp-block-group-is-layout-flex\">\n<p class=\"has-small-font-size\" style=\"font-style:normal;font-weight:300\">Titre I : Membres<br>Article 1er \u2013 Composition<br>L&rsquo;association TAA est compos\u00e9e des membres suivants :<br>Les membres Fondateurs : Ils sont \u00e0 l\u2019origine de la cr\u00e9ation de l\u2019association, leur statut est acquis et sans limite de dur\u00e9e.<br>Les membres d\u2019Honneur : Ils ont rendu service \u00e0 l\u2019association par leur fonction \u00e9lective, ancien membre du bureau ou du CA. Leur statut de membre est maintenu pour 5 ans maximum apr\u00e8s la tenue de leur fonction sur validation des membres du bureau.<br>Les membres Bienfaiteurs : Ils versent une donation \u00e0 l\u2019association ou participent b\u00e9n\u00e9volement \u00e0 son bon fonctionnement, leur statut est valid\u00e9 chaque ann\u00e9e par les membres du bureau pour 12 mois (1er oct N au 30 sept N+1)<br>Les membres Adh\u00e9rents (Oeuvriers) : Ils paient leur adh\u00e9sion annuelle \u00e0 l\u2019association pour un acc\u00e8s \u00e0 ses activit\u00e9s du 1 oct N au 30 sept N+1)<br>Article 2 \u2013 Cotisations<br>Les membres fondateurs d&rsquo;honneur et bienfaiteurs sont dispens\u00e9s d\u2019adh\u00e9sion \u00e0 l\u2019association, sauf s&rsquo;ils en d\u00e9cident autrement de leur propre volont\u00e9. Ils peuvent faire un don s\u2019ils le souhaitent.<br>Les membres adh\u00e9rents doivent s&rsquo;acquitter d&rsquo;une adh\u00e9sion, r\u00e9visable annuellement par les membres du bureau, qui leur permet d\u2019acc\u00e9der aux activit\u00e9s de l\u2019association (ateliers annuels de pratique, stages, base documentaire, exposition annuelle des oeuvriers et exposition internationale \u2026) pour une ann\u00e9e du 1er octobre N au 30 sept N+1. Le montant de l\u2019adh\u00e9sion est diff\u00e9renci\u00e9 selon que le membre est gradignanais ou non.<br>L\u2019acc\u00e8s aux ateliers annuels de pratique : Ils se d\u00e9roulent d\u2019octobre N \u00e0 juin N+1, \u00e0 raison d\u2019une s\u00e9ance par semaine hors vacances scolaire, jours f\u00e9ri\u00e9 ou pont de l\u2019ascension. L\u2019inscription se fait pour une activit\u00e9 d\u00e9finie (Raku modelage, tournage\u2026). Le r\u00e8glement de la cotisation, dont le montant est d\u00e9fini annuellement par les membres du bureau, se fait au jour de l\u2019inscription dans son int\u00e9gralit\u00e9 (facilit\u00e9 de paiement accept\u00e9 en 3 fois).<br>Afin de garantir une place pour l\u2019ann\u00e9e suivante, les \u00ab anciens oeuvriers \u00bb qui souhaitent s\u2019inscrire pour l\u2019ann\u00e9e suivante pourront b\u00e9n\u00e9ficier de permanences d\u2019accueil physique au cours du mois de juin afin de manifester leur d\u00e9sir de r\u00e9inscription et de r\u00e8glement des diff\u00e9rentes cotisations.<br>A titre indicatif pour l\u2019ann\u00e9e 2022\/2023, le montant de la cotisation aux ateliers de pratique annuels et l\u2019adh\u00e9sion sont fix\u00e9s \u00e0 :<\/p>\n\n\n\n<p class=\"has-small-font-size\" style=\"font-style:normal;font-weight:300\">Respecter les intervenants et autres membres de l\u2019association<br>Mat\u00e9riel : le petit mat\u00e9riel de base est fourni par l\u2019association toutefois il est possible d\u2019apporter son propre mat\u00e9riel. Cependant il est demand\u00e9 \u00e0 chacun de se fournir d\u2019un masque type FFP2 pour l\u2019\u00e9maillage et d\u2019une poche poubelle pour prot\u00e9ger ses pi\u00e8ces.<br>Mati\u00e8re premi\u00e8re : la terre utilis\u00e9e est celle fournie par l\u2019association sous la forme de pain. Les pains achet\u00e9s \u00e0 la poterie doivent \u00eatre utilis\u00e9s pendant les ateliers. Le prix du pain est estim\u00e9 \u00e0 un co\u00fbt moyen de la terre crue, de la cuisson et de l\u2019\u00e9maillage. Cuisson et \u00e9maillage doivent \u00eatre r\u00e9alis\u00e9es exclusivement en ateliers, in situ.<br>Les oeuvres r\u00e9alis\u00e9es en dehors des ateliers ne peuvent pas \u00eatre cuites ou \u00e9maill\u00e9es par l\u2019association sauf dans le cadre des ateliers Raku ext\u00e9rieurs du lundi matin.<br>Article 6 : Les intervenants<br>Ils sont charg\u00e9s de l\u2019animation et du bon fonctionnement des ateliers, de l\u2019application du r\u00e8glement int\u00e9rieur. Ils peuvent aussi \u00eatre le relais entre le conseil d\u2019administration et les membres actifs adh\u00e9rents. Ils participent \u00e0 une r\u00e9union trimestrielle de coordination sur proposition du bureau. Un manque d\u2019incivilit\u00e9 \u00e0 leur \u00e9gard pourrait \u00eatre consid\u00e9r\u00e9 comme un acte grave et un motif d\u2019exclusion.<\/p>\n\n\n\n<p class=\"has-small-font-size\" style=\"font-style:normal;font-weight:300\">390,00\u20ac pour la cotisation annuelle aux ateliers de pratique<\/p>\n\n\n\n<p class=\"has-small-font-size\" style=\"font-style:normal;font-weight:300\">20,00\u20ac d\u2019adh\u00e9sion \u00e0 l\u2019association Terre d\u2019Art et d\u2019Argile<br>Toute cotisation ou adh\u00e9sion vers\u00e9e \u00e0 l&rsquo;association est d\u00e9finitivement acquise. Toute ann\u00e9e entam\u00e9e est due. Aucun remboursement de cotisation ne peut \u00eatre exig\u00e9 en cas d\u2019arr\u00eat d\u00e9finitif en cours d\u2019ann\u00e9e sauf motif grave soumis \u00e0 l\u2019accord du bureau. Des frais d\u2019inscription de 50\u20ac compris dans les tarifs indiqu\u00e9s sont appliqu\u00e9s dans tous les cas et non restitu\u00e9s.<br>L\u2019acc\u00e8s aux stages : Ils se d\u00e9roulent sur des p\u00e9riodes d\u00e9finies au pr\u00e9alable, selon un calendrier affich\u00e9 et disponible sur le site. L\u2019inscription se fait pour un stage d\u00e9fini. Le r\u00e8glement doit \u00eatre vers\u00e9 dans son int\u00e9gralit\u00e9 avant le d\u00e9but du stage pour valider son inscription et sa participation. Aucun remboursement ne peut \u00eatre sollicit\u00e9 en cas de d\u00e9sistement dans les 8 jours qui le pr\u00e9c\u00e8dent, sauf motif grave soumis \u00e0 l\u2019accord du bureau. Tout stage entam\u00e9 est du dans son int\u00e9gralit\u00e9. Des frais d\u2019inscription de 50\u20ac sont appliqu\u00e9s et compris dans le tarif affich\u00e9, ils seront appliqu\u00e9s dans tous les cas et non restitu\u00e9s.<br>L\u2019acc\u00e8s aux cuissons raku ext\u00e9rieures : Elles se d\u00e9roulent en dehors des heures d\u2019ateliers annuels ou de stage, sur une plage donn\u00e9e et disponible sur le site. Elles sont soumises \u00e0 l\u2019adh\u00e9sion \u00e0 l\u2019association et au r\u00e8glement du prix de la premi\u00e8re cuisson, de l\u2019\u00e9maillage et de la cuisson raku en vigueur.<br>Article 3 &#8211; Admission de membres nouveaux<br>La liste des membres est \u00e9tablie, par les membres du bureau, pour une ann\u00e9e du 1er octobre N au 30 septembre N+1.L&rsquo;association TAA peut \u00e0 tout moment accueillir de nouveaux membres sur accord des membres du bureau. Leur droit de vote \u00e0 l\u2019association est soumis \u00e0 condition d\u2019anciennet\u00e9 d\u2019au moins deux mois.<br>Article 4 \u2013 Exclusion<br>Selon la proc\u00e9dure d\u00e9finie \u00e0 l&rsquo;article 9 des statuts de l&rsquo;association TAA, seuls les cas li\u00e9s \u00e0 un motif grave, de non-respect des valeurs associatives (cf introduction) ou de non-paiement de la cotisation, de l\u2019adh\u00e9sion peuvent d\u00e9clencher une proc\u00e9dure d&rsquo;exclusion.<br>Celle-ci doit \u00eatre prononc\u00e9e par le conseil d\u2019administration seulement apr\u00e8s avoir entendu les explications du membre contre lequel une proc\u00e9dure d&rsquo;exclusion est engag\u00e9e.<br>Article 5 : fonctionnement des ateliers<br>Pour un fonctionnement harmonieux de la poterie il est recommand\u00e9 aux oeuvriers de :<\/p>\n\n\n\n<p class=\"has-small-font-size\" style=\"font-style:normal;font-weight:300\">Respecter les heures de cours \/ Arriv\u00e9e et D\u00e9part \u2022 Respecter les heures d\u2019\u00e9maillage associ\u00e9es aux cours<\/p>\n\n\n\n<p class=\"has-small-font-size\" style=\"font-style:normal;font-weight:300\">Nettoyer correctement les outils et les places<\/p>\n\n\n\n<p class=\"has-small-font-size\" style=\"font-style:normal;font-weight:300\">Ranger le mat\u00e9riel \u00e0 sa place<\/p>\n\n\n\n<p class=\"has-small-font-size\" style=\"font-style:normal;font-weight:300\">Respecter les espaces de rangement de chaque atelier<\/p>\n<\/div>\n<\/div>\n\n\n\n<div class=\"wp-block-group is-nowrap is-layout-flex wp-container-core-group-is-layout-877c468d wp-block-group-is-layout-flex\">\n<div class=\"wp-block-group is-vertical is-nowrap is-layout-flex wp-container-core-group-is-layout-3655d5c7 wp-block-group-is-layout-flex\">\n<p class=\"has-small-font-size\" style=\"font-style:normal;font-weight:300\">Titre II : Fonctionnement de l&rsquo;association<br>Article 7 &#8211; Le conseil d\u2019administration<br>Conform\u00e9ment \u00e0 l&rsquo;article 10 des statuts de l&rsquo;association TAA, le Conseil d\u2019Administration est dirig\u00e9 par un conseil de membres \u00e9lus pour 3 ans par l\u2019assembl\u00e9e g\u00e9n\u00e9rale. Les membres sont r\u00e9\u00e9ligibles. En cas de fin de mandat dans les quatre mois pr\u00e9c\u00e9dant une assembl\u00e9e g\u00e9n\u00e9rale celui-ci court jusqu\u2019\u00e0 sa tenue. Le conseil d\u2019administration choisit, parmi ses membres un bureau, compos\u00e9 \u00e0 minima d\u2019un pr\u00e9sident, d\u2019un tr\u00e9sorier et d\u2019un secr\u00e9taire. Le conseil d\u2019administration se r\u00e9unit une fois au moins tous les six mois sur convocation du pr\u00e9sident ou \u00e0 la demande d\u2019au moins un quart de ses membres.<br>Article 8 &#8211; Le bureau<br>Le bureau a pour objet la mise en application des d\u00e9cisions prises par le conseil d\u2019administration.<br>Ses membres sont choisis parmi les membres du CA.<br>Article 9 &#8211; Assembl\u00e9e G\u00e9n\u00e9rale Ordinaire<br>Conform\u00e9ment \u00e0 l&rsquo;article 12 des statuts de l&rsquo;association l\u2019assembl\u00e9e g\u00e9n\u00e9rale ordinaire se r\u00e9unit chaque ann\u00e9e au mois de d\u00e9cembre sur convocation adress\u00e9e par le secr\u00e9taire au moins quinze jours avant la date fix\u00e9e. L\u2019ordre du jour est indiqu\u00e9 sur les convocations. Le pr\u00e9sident pr\u00e9sente le bilan moral d\u2019Octobre N-1 \u00e0 Septembre N cependant que le tr\u00e9sorier rend compte de la gestion ; le bilan est soumis \u00e0 l\u2019approbation de l\u2019assembl\u00e9e g\u00e9n\u00e9rale.<br>Article 10 &#8211; Assembl\u00e9e G\u00e9n\u00e9rale Extraordinaire<br>Conform\u00e9ment \u00e0 l\u2019article 14 des statuts le pr\u00e9sident peut convoquer une assembl\u00e9e g\u00e9n\u00e9rale extraordinaire sur la demande de la moiti\u00e9 ou plus des membres inscrits ou sur d\u00e9mission d\u2019un de ses membres<\/p>\n\n\n\n<p class=\"has-small-font-size\" style=\"font-style:normal;font-weight:300\">Titre III : Dispositions diverses<br>Article 11 &#8211; Modification du r\u00e8glement int\u00e9rieur<br>Le r\u00e8glement int\u00e9rieur de l\u2019association TAA est \u00e9tabli par le conseil d\u2019administration.<br>Il peut \u00eatre modifi\u00e9 par le bureau, le conseil d\u2019administration, sur proposition du pr\u00e9sident ou d\u2019un des membres du bureau au regard de l\u2019\u00e9volution de l\u2019activit\u00e9 de l\u2019association.<br>Le nouveau r\u00e8glement int\u00e9rieur sera adress\u00e9 \u00e0 chacun des membres de l&rsquo;association par mail sous un d\u00e9lai de 10 jours suivant la date de la modification.<\/p>\n\n\n\n<div class=\"wp-block-columns is-layout-flex wp-container-core-columns-is-layout-28f84493 wp-block-columns-is-layout-flex\">\n<div class=\"wp-block-column is-layout-flow wp-block-column-is-layout-flow\" style=\"flex-basis:100%\">\n<div class=\"wp-block-group is-nowrap is-layout-flex wp-container-core-group-is-layout-6c531013 wp-block-group-is-layout-flex\">\n<p class=\"has-text-align-center\" style=\"font-style:normal;font-weight:500\"><br><\/p>\n\n\n\n<div class=\"wp-block-columns is-layout-flex wp-container-core-columns-is-layout-28f84493 wp-block-columns-is-layout-flex\">\n<div class=\"wp-block-column is-layout-flow wp-block-column-is-layout-flow\" style=\"flex-basis:100%\"><\/div>\n<\/div>\n<\/div>\n<\/div>\n<\/div>\n\n\n\n<div class=\"wp-block-columns is-not-stacked-on-mobile is-layout-flex wp-container-core-columns-is-layout-28f84493 wp-block-columns-is-layout-flex\">\n<div class=\"wp-block-column is-layout-flow wp-block-column-is-layout-flow\" style=\"flex-basis:66.67%\">\n<p class=\"has-text-align-center\"><\/p>\n<\/div>\n\n\n\n<div class=\"wp-block-column is-layout-flow wp-block-column-is-layout-flow\" style=\"flex-basis:33.33%\">\n<p class=\"has-text-align-center has-small-font-size\">A Gradignan, le 6\/01\/2023<br>Eva DENIS<br>Pr\u00e9sidente de l\u2019association TAA<\/p>\n<\/div>\n<\/div>\n\n\n\n<p style=\"font-style:normal;font-weight:500\"><\/p>\n<\/div>\n<\/div>\n<\/div>\n<\/div>\n<\/div>\n","protected":false},"excerpt":{"rendered":"<p>Il sera remis \u00e0 l&rsquo;ensemble des membres ainsi qu&rsquo;\u00e0 chaque nouvel adh\u00e9rent.Il est \u00e9galement consultable sur le site Internet de l\u2019association.Cette association de loi 1901, Cr\u00e9\u00e9 le 12\/05\/2010 par Alain DENIS, Max Michelena, Cathy Morin, Bernard Bouvet et Daniel Vignolles, pr\u00f4ne des valeurs familiales, amicales entre les membres de l\u2019association et protectionniste du lieu patrimonial [&hellip;]<\/p>\n","protected":false},"author":1,"featured_media":0,"parent":0,"menu_order":0,"comment_status":"closed","ping_status":"closed","template":"","meta":{"footnotes":""},"class_list":["post-201","page","type-page","status-publish","hentry"],"_links":{"self":[{"href":"https:\/\/www.terre-art-argile.org\/index.php\/wp-json\/wp\/v2\/pages\/201","targetHints":{"allow":["GET"]}}],"collection":[{"href":"https:\/\/www.terre-art-argile.org\/index.php\/wp-json\/wp\/v2\/pages"}],"about":[{"href":"https:\/\/www.terre-art-argile.org\/index.php\/wp-json\/wp\/v2\/types\/page"}],"author":[{"embeddable":true,"href":"https:\/\/www.terre-art-argile.org\/index.php\/wp-json\/wp\/v2\/users\/1"}],"replies":[{"embeddable":true,"href":"https:\/\/www.terre-art-argile.org\/index.php\/wp-json\/wp\/v2\/comments?post=201"}],"version-history":[{"count":3,"href":"https:\/\/www.terre-art-argile.org\/index.php\/wp-json\/wp\/v2\/pages\/201\/revisions"}],"predecessor-version":[{"id":548,"href":"https:\/\/www.terre-art-argile.org\/index.php\/wp-json\/wp\/v2\/pages\/201\/revisions\/548"}],"wp:attachment":[{"href":"https:\/\/www.terre-art-argile.org\/index.php\/wp-json\/wp\/v2\/media?parent=201"}],"curies":[{"name":"wp","href":"https:\/\/api.w.org\/{rel}","templated":true}]}}