{"id":236,"date":"2025-01-14T08:59:15","date_gmt":"2025-01-14T07:59:15","guid":{"rendered":"https:\/\/www.terre-art-argile.org\/?page_id=236"},"modified":"2025-03-19T15:14:24","modified_gmt":"2025-03-19T14:14:24","slug":"la-restauration","status":"publish","type":"page","link":"https:\/\/www.terre-art-argile.org\/index.php\/la-restauration\/","title":{"rendered":"La r\u00e9novation"},"content":{"rendered":"\n<div class=\"wp-block-group alignfull has-base-background-color has-background has-global-padding is-layout-constrained wp-container-core-group-is-layout-b673cb31 wp-block-group-is-layout-constrained\" style=\"margin-top:0;margin-bottom:0;padding-top:var(--wp--preset--spacing--30);padding-right:var(--wp--preset--spacing--50);padding-bottom:var(--wp--preset--spacing--30);padding-left:var(--wp--preset--spacing--50)\">\n<div class=\"wp-block-columns alignwide is-layout-flex wp-container-core-columns-is-layout-549b0c86 wp-block-columns-is-layout-flex\">\n<div class=\"wp-block-column has-global-padding is-content-justification-left is-layout-constrained wp-container-core-column-is-layout-7526a028 wp-block-column-is-layout-constrained\" style=\"flex-basis:40%\">\n<p>Sauver un patrimoine industriel rare<\/p>\n<\/div>\n\n\n\n<div class=\"wp-block-column is-layout-flow wp-container-core-column-is-layout-119bc444 wp-block-column-is-layout-flow\" style=\"flex-basis:60%\">\n<p class=\"has-heading-font-family has-x-large-font-size\" style=\"line-height:1.2\">Un phase de restauration du site a d\u00e9marr\u00e9 en 2023. Celle-ci permettra de pr\u00e9server ce patrimoine national mais aussi de faire revivre le \u00ab\u00a0four-bouteille\u00a0\u00bb, t\u00e9moin de l\u2019histoire.<\/p>\n\n\n\n<div class=\"wp-block-columns is-layout-flex wp-container-core-columns-is-layout-87beb0d0 wp-block-columns-is-layout-flex\">\n<div class=\"wp-block-column is-layout-flow wp-block-column-is-layout-flow\">\n<p class=\"wp-container-content-9cfa9a5a\">Afin de contribuer au financement d\u2019une telle op\u00e9ration, la Ville de Gradignan, lance une souscription publique en lien avec la Fondation du patrimoine. <\/p>\n<\/div>\n\n\n\n<div class=\"wp-block-column is-layout-flow wp-block-column-is-layout-flow\">\n<p>Gr\u00e2ce \u00e0 vous (particuliers, entreprises,\u2026) l\u2019un des derniers sites abritant des \u00abfours-bouteilles\u00bb de France sera pr\u00e9serv\u00e9. Il pourra contribuer au rayonnement culturel du Sud Ouest et au-del\u00e0, de la France.<\/p>\n<\/div>\n<\/div>\n<\/div>\n<\/div>\n<\/div>\n\n\n\n<div class=\"wp-block-cover alignfull is-light has-parallax\" style=\"padding-top:var(--wp--preset--spacing--50);padding-right:var(--wp--preset--spacing--50);padding-bottom:var(--wp--preset--spacing--50);padding-left:var(--wp--preset--spacing--50);min-height:100vh;aspect-ratio:unset;\"><span aria-hidden=\"true\" class=\"wp-block-cover__background has-base-background-color has-background-dim-0 has-background-dim\"><\/span><div class=\"wp-block-cover__image-background wp-image-119 has-parallax\" style=\"background-position:50% 50%;background-image:url(https:\/\/www.terre-art-argile.org\/wp-content\/uploads\/2025\/01\/La_Poterie_2020-1.jpg)\"><\/div><div class=\"wp-block-cover__inner-container has-global-padding is-layout-constrained wp-container-core-cover-is-layout-e4fd886c wp-block-cover-is-layout-constrained\">\n<div style=\"height:500px\" aria-hidden=\"true\" class=\"wp-block-spacer\"><\/div>\n<\/div><\/div>\n\n\n\n<div class=\"wp-block-group alignfull has-global-padding is-layout-constrained wp-container-core-group-is-layout-301020a0 wp-block-group-is-layout-constrained\" style=\"padding-top:var(--wp--preset--spacing--50);padding-right:var(--wp--preset--spacing--50);padding-bottom:var(--wp--preset--spacing--50);padding-left:var(--wp--preset--spacing--50)\">\n<div class=\"wp-block-columns alignwide is-layout-flex wp-container-core-columns-is-layout-08c01c1c wp-block-columns-is-layout-flex\">\n<div class=\"wp-block-column is-layout-flow wp-block-column-is-layout-flow\" style=\"flex-basis:33%\">\n<p class=\"has-heading-font-family has-large-font-size\" style=\"line-height:1.2\">En 2021, la Poterie est s\u00e9lectionn\u00e9e comme \u00ab Site Embl\u00e9matique \u00bb de Nouvelle-Aquitaine par la Mission Patrimoine* pour la sauvegarde du patrimoine en p\u00e9ril.<\/p>\n\n\n\n<p class=\"has-text-align-left\"><em>*Mission Patrimoine d\u00e9ploy\u00e9e par la Fondation du patrimoine.<\/em><\/p>\n<\/div>\n\n\n\n<div class=\"wp-block-column is-layout-flow wp-container-core-column-is-layout-119bc444 wp-block-column-is-layout-flow\">\n<div class=\"wp-block-group is-nowrap is-layout-flex wp-container-core-group-is-layout-f01a8a75 wp-block-group-is-layout-flex\">\n<div class=\"wp-block-group is-vertical is-content-justification-left is-nowrap is-layout-flex wp-container-core-group-is-layout-970da055 wp-block-group-is-layout-flex\">\n<p>C\u2019est la premi\u00e8re fois depuis le d\u00e9but de la Mission Patrimoine qu\u2019un site est s\u00e9lectionn\u00e9 en tant que site embl\u00e9matique en Aquitaine !<\/p>\n\n\n\n<p>L\u2019aide accord\u00e9e via la Mission Patrimoine est de 500 000 \u20ac soit le montant maximal accord\u00e9 aux projets s\u00e9lectionn\u00e9s comme embl\u00e9matiques. Sur les 18 projets s\u00e9lectionn\u00e9s en 2021, seulement 5 b\u00e9n\u00e9ficient de ce montant, dont la Poterie de Gradignan. Cela correspond \u00e0 environ un tiers du montant global des travaux, soit une des trois tranches de travaux pr\u00e9vues.<\/p>\n\n\n\n<p>La Mission Patrimoine s\u2019appuie sur un r\u00e9seau de partenaires indispensables : La Fran\u00e7aise Des Jeux, le Minist\u00e8re de la Culture, la Fondation du patrimoine. C\u2019est cette collaboration d\u2019une importance majeure qui permet de regrouper les volont\u00e9s et les moyens dans un but commun : la sauvegarde et la valorisation du patrimoine fran\u00e7ais.<\/p>\n\n\n\n<p class=\"has-small-font-size\"><br>Ce projet a b\u00e9n\u00e9fici\u00e9 du soutien financier du Loto du Patrimoine de la Fran\u00e7aise des Jeux.<\/p>\n<\/div>\n\n\n\n<div class=\"wp-block-group is-vertical is-nowrap is-layout-flex wp-container-core-group-is-layout-3655d5c7 wp-block-group-is-layout-flex\">\n<h3 class=\"wp-block-heading\">Des fouilles arch\u00e9ologiques pr\u00e9alables<\/h3>\n\n\n\n<p>Des fouilles arch\u00e9ologiques pr\u00e9alables ont \u00e9t\u00e9 prescrites par le service r\u00e9gional d\u2019arch\u00e9ologie pr\u00e9ventive (SRA\/DRAC). Objectif&nbsp;: documenter cette typologie de four potier unique en Gironde et encore trop peu connue arch\u00e9ologiquement \u00e0 l\u2019\u00e9chelle de la France. L\u2019\u00e9tude des \u00e9l\u00e9vations des fours, du b\u00e2timent et de leur environnement proche va permettre de retracer l\u2019histoire technique, architecturale et fonctionnelle du site.<br>Pr\u00e9vision : premier trimestre 2023 \/ Dur\u00e9e : 2 mois.<\/p>\n\n\n\n<h3 class=\"wp-block-heading\">Chantier de protection\/restauration<\/h3>\n\n\n\n<p><strong>\u00c0 l\u2019issue de cette campagne de fouilles, la premi\u00e8re tranche de travaux de protection\/restauration va pouvoir d\u00e9buter. 1<sup>\u00e8re<\/sup> tranche : le Four-bouteille ext\u00e9rieur<\/strong><br>Pi\u00e8ce majeure et la plus en p\u00e9ril du site, le four ext\u00e9rieur de la Poterie de Gradignan b\u00e9n\u00e9ficie en priorit\u00e9 de ces travaux de protection\/restauration. Une structure m\u00e9tallique non-ferm\u00e9e ainsi qu\u2019une toiture vont permettre de prot\u00e9ger cet exceptionnel four-bouteille.<\/p>\n<\/div>\n<\/div>\n<\/div>\n<\/div>\n<\/div>\n\n\n\n<div class=\"wp-block-group alignfull has-base-2-background-color has-background has-global-padding is-layout-constrained wp-container-core-group-is-layout-c816cdf9 wp-block-group-is-layout-constrained\" style=\"margin-top:0;margin-bottom:0;padding-top:var(--wp--preset--spacing--40);padding-right:var(--wp--preset--spacing--40);padding-bottom:var(--wp--preset--spacing--40);padding-left:var(--wp--preset--spacing--40)\">\n<div class=\"wp-block-group alignwide is-layout-flow wp-block-group-is-layout-flow\" style=\"padding-top:0;padding-right:var(--wp--preset--spacing--60);padding-bottom:0;padding-left:var(--wp--preset--spacing--60)\">\n<div style=\"height:var(--wp--preset--spacing--50)\" aria-hidden=\"true\" class=\"wp-block-spacer\"><\/div>\n\n\n\n<p class=\"has-text-align-center has-heading-font-family has-x-large-font-size\" style=\"font-style:normal;font-weight:400;line-height:1.2\">Vous souhaitez faire un don ?<\/p>\n\n\n\n<p class=\"has-text-align-center\">Rendez-vous sur le site sur le site de la Fondation du patrimoine <\/p>\n\n\n\n<div class=\"wp-block-buttons is-content-justification-center is-layout-flex wp-container-core-buttons-is-layout-a89b3969 wp-block-buttons-is-layout-flex\">\n<div class=\"wp-block-button\"><a class=\"wp-block-button__link wp-element-button\" href=\"http:\/\/www.fondation-patrimoine.org\/74731\" target=\"_blank\" rel=\"noreferrer noopener\">Faire un don<\/a><\/div>\n<\/div>\n\n\n\n<div style=\"height:var(--wp--preset--spacing--50)\" aria-hidden=\"true\" class=\"wp-block-spacer\"><\/div>\n<\/div>\n<\/div>\n","protected":false},"excerpt":{"rendered":"<p>Sauver un patrimoine industriel rare Un phase de restauration du site a d\u00e9marr\u00e9 en 2023. Celle-ci permettra de pr\u00e9server ce patrimoine national mais aussi de faire revivre le \u00ab\u00a0four-bouteille\u00a0\u00bb, t\u00e9moin de l\u2019histoire. Afin de contribuer au financement d\u2019une telle op\u00e9ration, la Ville de Gradignan, lance une souscription publique en lien avec la Fondation du patrimoine. [&hellip;]<\/p>\n","protected":false},"author":1,"featured_media":0,"parent":0,"menu_order":0,"comment_status":"closed","ping_status":"closed","template":"","meta":{"footnotes":""},"class_list":["post-236","page","type-page","status-publish","hentry"],"_links":{"self":[{"href":"https:\/\/www.terre-art-argile.org\/index.php\/wp-json\/wp\/v2\/pages\/236","targetHints":{"allow":["GET"]}}],"collection":[{"href":"https:\/\/www.terre-art-argile.org\/index.php\/wp-json\/wp\/v2\/pages"}],"about":[{"href":"https:\/\/www.terre-art-argile.org\/index.php\/wp-json\/wp\/v2\/types\/page"}],"author":[{"embeddable":true,"href":"https:\/\/www.terre-art-argile.org\/index.php\/wp-json\/wp\/v2\/users\/1"}],"replies":[{"embeddable":true,"href":"https:\/\/www.terre-art-argile.org\/index.php\/wp-json\/wp\/v2\/comments?post=236"}],"version-history":[{"count":5,"href":"https:\/\/www.terre-art-argile.org\/index.php\/wp-json\/wp\/v2\/pages\/236\/revisions"}],"predecessor-version":[{"id":792,"href":"https:\/\/www.terre-art-argile.org\/index.php\/wp-json\/wp\/v2\/pages\/236\/revisions\/792"}],"wp:attachment":[{"href":"https:\/\/www.terre-art-argile.org\/index.php\/wp-json\/wp\/v2\/media?parent=236"}],"curies":[{"name":"wp","href":"https:\/\/api.w.org\/{rel}","templated":true}]}}