{"id":623,"date":"2025-02-06T07:49:18","date_gmt":"2025-02-06T06:49:18","guid":{"rendered":"https:\/\/www.terre-art-argile.org\/?page_id=623"},"modified":"2026-05-06T16:12:50","modified_gmt":"2026-05-06T14:12:50","slug":"les-initiations","status":"publish","type":"page","link":"https:\/\/www.terre-art-argile.org\/index.php\/les-initiations\/","title":{"rendered":"Les initiations"},"content":{"rendered":"\n<div class=\"wp-block-group alignfull has-global-padding is-layout-constrained wp-container-core-group-is-layout-11add6e8 wp-block-group-is-layout-constrained\" style=\"margin-top:0;margin-bottom:0;padding-top:var(--wp--preset--spacing--40);padding-bottom:var(--wp--preset--spacing--40)\">\n<div class=\"wp-block-columns alignwide is-layout-flex wp-container-core-columns-is-layout-28f84493 wp-block-columns-is-layout-flex\">\n<div class=\"wp-block-column is-layout-flow wp-container-core-column-is-layout-8ad66c59 wp-block-column-is-layout-flow\" style=\"padding-top:var(--wp--preset--spacing--70)\">\n<figure class=\"wp-block-image size-full has-custom-border wp-duotone-unset-1\"><img loading=\"lazy\" decoding=\"async\" width=\"1346\" height=\"881\" src=\"https:\/\/www.terre-art-argile.org\/wp-content\/uploads\/2025\/01\/initiation-tournage2.jpg\" alt=\"\" class=\"wp-image-777\" style=\"border-style:none;border-width:0px;aspect-ratio:3\/2;object-fit:cover\" srcset=\"https:\/\/www.terre-art-argile.org\/wp-content\/uploads\/2025\/01\/initiation-tournage2.jpg 1346w, https:\/\/www.terre-art-argile.org\/wp-content\/uploads\/2025\/01\/initiation-tournage2-300x196.jpg 300w, https:\/\/www.terre-art-argile.org\/wp-content\/uploads\/2025\/01\/initiation-tournage2-1024x670.jpg 1024w, https:\/\/www.terre-art-argile.org\/wp-content\/uploads\/2025\/01\/initiation-tournage2-768x503.jpg 768w\" sizes=\"auto, (max-width: 1346px) 100vw, 1346px\" \/><\/figure>\n\n\n\n<div class=\"wp-block-group is-vertical is-content-justification-center is-layout-flex wp-container-core-group-is-layout-e667b3e2 wp-block-group-is-layout-flex\" style=\"padding-top:var(--wp--preset--spacing--30)\">\n<h3 class=\"wp-block-heading has-text-align-center\" style=\"padding-top:0;text-transform:uppercase\">Tournage gr\u00e8s<\/h3>\n\n\n\n<p class=\"has-text-align-center has-accent-4-color has-text-color has-link-color has-medium-font-size wp-elements-461ec7294d24447d97d40038be210fcd\">Un vendredi soir par mois<br>de 18h \u00e0 21h<\/p>\n\n\n\n<div class=\"wp-block-buttons is-content-justification-center is-layout-flex wp-container-core-buttons-is-layout-a89b3969 wp-block-buttons-is-layout-flex\">\n<div class=\"wp-block-button\"><a class=\"wp-block-button__link wp-element-button\" href=\"https:\/\/www.helloasso.com\/associations\/terre-d-art-et-d-argile\/evenements\/initiation-tournage-22-mai-2026\" target=\"_blank\" rel=\"noreferrer noopener\">Le 22 mai 2026<\/a><\/div>\n<\/div>\n\n\n\n<div class=\"wp-block-buttons is-content-justification-center is-layout-flex wp-container-core-buttons-is-layout-a89b3969 wp-block-buttons-is-layout-flex\">\n<div class=\"wp-block-button\"><a class=\"wp-block-button__link wp-element-button\" href=\"https:\/\/www.helloasso.com\/associations\/terre-d-art-et-d-argile\/evenements\/initiation-tournage-5-juin-fete-des-meres-1\" target=\"_blank\" rel=\"noreferrer noopener\">F\u00eate des m\u00e8res<br>Le 5 juin 2026<\/a><\/div>\n<\/div>\n\n\n\n<div class=\"wp-block-buttons is-content-justification-center is-layout-flex wp-container-core-buttons-is-layout-a89b3969 wp-block-buttons-is-layout-flex\">\n<div class=\"wp-block-button\"><a class=\"wp-block-button__link wp-element-button\" href=\"https:\/\/www.helloasso.com\/associations\/terre-d-art-et-d-argile\/evenements\/initiation-tournage-26-juin-2026\" target=\"_blank\" rel=\"noreferrer noopener\">Le 26 juin 2026<\/a><\/div>\n<\/div>\n<\/div>\n<\/div>\n\n\n\n<div class=\"wp-block-column is-layout-flow wp-container-core-column-is-layout-8ad66c59 wp-block-column-is-layout-flow\" style=\"padding-top:var(--wp--preset--spacing--70)\">\n<figure class=\"wp-block-image size-full has-custom-border wp-duotone-unset-2\"><img loading=\"lazy\" decoding=\"async\" width=\"1200\" height=\"785\" src=\"https:\/\/www.terre-art-argile.org\/wp-content\/uploads\/2025\/12\/Tournage-Modelage.png\" alt=\"\" class=\"wp-image-1272\" style=\"border-style:none;border-width:0px;aspect-ratio:3\/2;object-fit:cover\" srcset=\"https:\/\/www.terre-art-argile.org\/wp-content\/uploads\/2025\/12\/Tournage-Modelage.png 1200w, https:\/\/www.terre-art-argile.org\/wp-content\/uploads\/2025\/12\/Tournage-Modelage-300x196.png 300w, https:\/\/www.terre-art-argile.org\/wp-content\/uploads\/2025\/12\/Tournage-Modelage-1024x670.png 1024w, https:\/\/www.terre-art-argile.org\/wp-content\/uploads\/2025\/12\/Tournage-Modelage-768x502.png 768w\" sizes=\"auto, (max-width: 1200px) 100vw, 1200px\" \/><\/figure>\n\n\n\n<div class=\"wp-block-group is-vertical is-content-justification-center is-layout-flex wp-container-core-group-is-layout-e667b3e2 wp-block-group-is-layout-flex\" style=\"padding-top:var(--wp--preset--spacing--30)\">\n<h3 class=\"wp-block-heading has-text-align-center\" style=\"padding-top:0;text-transform:uppercase\">Modelage-Tournage<\/h3>\n\n\n\n<p class=\"has-text-align-center has-accent-4-color has-text-color has-link-color has-medium-font-size wp-elements-0b5c52fc09d7564b79f8eb3c00119f43\">Journ\u00e9e enti\u00e8re<\/p>\n\n\n\n<div class=\"wp-block-buttons is-content-justification-center is-layout-flex wp-container-core-buttons-is-layout-a89b3969 wp-block-buttons-is-layout-flex\">\n<div class=\"wp-block-button\"><a class=\"wp-block-button__link wp-element-button\" href=\"https:\/\/www.helloasso.com\/associations\/terre-d-art-et-d-argile\/evenements\/duo-modelage-tournage-24-mai-2026\" target=\"_blank\" rel=\"noreferrer noopener\">Le 24 mai 2026<\/a><\/div>\n<\/div>\n<\/div>\n<\/div>\n\n\n\n<div class=\"wp-block-column is-layout-flow wp-container-core-column-is-layout-8ad66c59 wp-block-column-is-layout-flow\" style=\"padding-top:var(--wp--preset--spacing--70)\">\n<figure class=\"wp-block-image size-full has-custom-border wp-duotone-unset-3\"><img loading=\"lazy\" decoding=\"async\" width=\"1600\" height=\"1200\" src=\"https:\/\/www.terre-art-argile.org\/wp-content\/uploads\/2026\/01\/tessons2.jpeg\" alt=\"\" class=\"wp-image-1320\" style=\"border-style:none;border-width:0px;aspect-ratio:3\/2;object-fit:cover\" srcset=\"https:\/\/www.terre-art-argile.org\/wp-content\/uploads\/2026\/01\/tessons2.jpeg 1600w, https:\/\/www.terre-art-argile.org\/wp-content\/uploads\/2026\/01\/tessons2-300x225.jpeg 300w, https:\/\/www.terre-art-argile.org\/wp-content\/uploads\/2026\/01\/tessons2-1024x768.jpeg 1024w, https:\/\/www.terre-art-argile.org\/wp-content\/uploads\/2026\/01\/tessons2-768x576.jpeg 768w, https:\/\/www.terre-art-argile.org\/wp-content\/uploads\/2026\/01\/tessons2-1536x1152.jpeg 1536w\" sizes=\"auto, (max-width: 1600px) 100vw, 1600px\" \/><\/figure>\n\n\n\n<div class=\"wp-block-group is-vertical is-content-justification-center is-layout-flex wp-container-core-group-is-layout-e667b3e2 wp-block-group-is-layout-flex\" style=\"padding-top:var(--wp--preset--spacing--30)\">\n<h3 class=\"wp-block-heading has-text-align-center\" style=\"padding-top:0;text-transform:uppercase\">\u00c9maillage<\/h3>\n\n\n\n<p class=\"has-text-align-center has-accent-4-color has-text-color has-link-color has-medium-font-size wp-elements-098f3c77c17d46d4d44656b39738cf8b\">Pour les pi\u00e8ces r\u00e9alis\u00e9es en stage,<br>de 14h \u00e0 16h30<\/p>\n\n\n\n<div class=\"wp-block-buttons is-content-justification-center is-layout-flex wp-container-core-buttons-is-layout-a89b3969 wp-block-buttons-is-layout-flex\">\n<div class=\"wp-block-button\"><a class=\"wp-block-button__link wp-element-button\" href=\"https:\/\/www.helloasso.com\/associations\/terre-d-art-et-d-argile\/evenements\/initiation-emaillage-13-juin-2026\" target=\"_blank\" rel=\"noreferrer noopener\">Le 13 juin 2026<\/a><\/div>\n<\/div>\n<\/div>\n<\/div>\n\n\n\n<div class=\"wp-block-column is-layout-flow wp-container-core-column-is-layout-8ad66c59 wp-block-column-is-layout-flow\" style=\"padding-top:var(--wp--preset--spacing--70)\">\n<figure class=\"wp-block-image size-full has-custom-border wp-duotone-unset-4\"><img loading=\"lazy\" decoding=\"async\" width=\"1346\" height=\"881\" src=\"https:\/\/www.terre-art-argile.org\/wp-content\/uploads\/2025\/02\/initiation-modelage2.jpg\" alt=\"\" class=\"wp-image-698\" style=\"border-style:none;border-width:0px;aspect-ratio:3\/2;object-fit:cover\" srcset=\"https:\/\/www.terre-art-argile.org\/wp-content\/uploads\/2025\/02\/initiation-modelage2.jpg 1346w, https:\/\/www.terre-art-argile.org\/wp-content\/uploads\/2025\/02\/initiation-modelage2-300x196.jpg 300w, https:\/\/www.terre-art-argile.org\/wp-content\/uploads\/2025\/02\/initiation-modelage2-1024x670.jpg 1024w, https:\/\/www.terre-art-argile.org\/wp-content\/uploads\/2025\/02\/initiation-modelage2-768x503.jpg 768w\" sizes=\"auto, (max-width: 1346px) 100vw, 1346px\" \/><\/figure>\n\n\n\n<div class=\"wp-block-group is-vertical is-content-justification-center is-layout-flex wp-container-core-group-is-layout-e667b3e2 wp-block-group-is-layout-flex\" style=\"padding-top:var(--wp--preset--spacing--30)\">\n<h3 class=\"wp-block-heading has-text-align-center\" style=\"padding-top:0;text-transform:uppercase\">Modelage<\/h3>\n\n\n\n<p class=\"has-text-align-center has-accent-4-color has-text-color has-link-color has-medium-font-size wp-elements-b96ea26d00b4daca6ddaa71c6627acef\"><\/p>\n\n\n\n<p class=\"has-text-align-center has-accent-4-color has-text-color has-link-color has-medium-font-size wp-elements-c8f67f854d97bce9610d17555c64c882\"><strong>D\u00e9cor sur gr\u00e8s cru<\/strong><br>De 9h30 \u00e0 12h30<\/p>\n\n\n\n<div class=\"wp-block-buttons is-content-justification-center is-layout-flex wp-container-core-buttons-is-layout-a89b3969 wp-block-buttons-is-layout-flex\">\n<div class=\"wp-block-button\"><a class=\"wp-block-button__link wp-element-button\" href=\"https:\/\/www.helloasso.com\/associations\/terre-d-art-et-d-argile\/evenements\/initiation-modelage-decor-sur-cru-13-06\" target=\"_blank\" rel=\"noreferrer noopener\">Le 13 juin 2026<\/a><\/div>\n<\/div>\n<\/div>\n<\/div>\n<\/div>\n<\/div>\n\n\n\n<p><\/p>\n","protected":false},"excerpt":{"rendered":"<p>Tournage gr\u00e8s Un vendredi soir par moisde 18h \u00e0 21h Modelage-Tournage Journ\u00e9e enti\u00e8re \u00c9maillage Pour les pi\u00e8ces r\u00e9alis\u00e9es en stage,de 14h \u00e0 16h30 Modelage D\u00e9cor sur gr\u00e8s cruDe 9h30 \u00e0 12h30<\/p>\n","protected":false},"author":1,"featured_media":0,"parent":0,"menu_order":0,"comment_status":"closed","ping_status":"closed","template":"","meta":{"footnotes":""},"class_list":["post-623","page","type-page","status-publish","hentry"],"_links":{"self":[{"href":"https:\/\/www.terre-art-argile.org\/index.php\/wp-json\/wp\/v2\/pages\/623","targetHints":{"allow":["GET"]}}],"collection":[{"href":"https:\/\/www.terre-art-argile.org\/index.php\/wp-json\/wp\/v2\/pages"}],"about":[{"href":"https:\/\/www.terre-art-argile.org\/index.php\/wp-json\/wp\/v2\/types\/page"}],"author":[{"embeddable":true,"href":"https:\/\/www.terre-art-argile.org\/index.php\/wp-json\/wp\/v2\/users\/1"}],"replies":[{"embeddable":true,"href":"https:\/\/www.terre-art-argile.org\/index.php\/wp-json\/wp\/v2\/comments?post=623"}],"version-history":[{"count":101,"href":"https:\/\/www.terre-art-argile.org\/index.php\/wp-json\/wp\/v2\/pages\/623\/revisions"}],"predecessor-version":[{"id":1421,"href":"https:\/\/www.terre-art-argile.org\/index.php\/wp-json\/wp\/v2\/pages\/623\/revisions\/1421"}],"wp:attachment":[{"href":"https:\/\/www.terre-art-argile.org\/index.php\/wp-json\/wp\/v2\/media?parent=623"}],"curies":[{"name":"wp","href":"https:\/\/api.w.org\/{rel}","templated":true}]}}